{"id":8,"date":"2021-02-21T12:55:59","date_gmt":"2021-02-21T12:55:59","guid":{"rendered":"http:\/\/fixuus.tarvikeshop.fi\/?page_id=8"},"modified":"2023-04-13T17:39:05","modified_gmt":"2023-04-13T15:39:05","slug":"contact","status":"publish","type":"page","link":"https:\/\/jjk-fix.fi\/?page_id=8","title":{"rendered":"Yhteystiedot"},"content":{"rendered":"\n<p>Meid\u00e4t l\u00f6yd\u00e4t Teollisuuskatu 3-5 Mikkelist\u00e4.<\/p>\n\n\n\n<p>Kartta <a rel=\"noreferrer noopener\" href=\"https:\/\/www.google.fi\/maps\/place\/Autopesula+JJK-FIX\/@61.6794136,27.2530401,17z\/data=!4m13!1m7!3m6!1s0x469aa1095eceb151:0x165689ab39e94329!2sTeollisuuskatu+3,+50130+Mikkeli!3b1!8m2!3d61.6794111!4d27.2552288!3m4!1s0x469aa116e9237fb9:0x20da794d835174c!8m2!3d61.6794828!4d27.2543241\" target=\"_blank\">linkki<\/a><\/p>\n\n\n\n<p>0440 999 005<\/p>\n\n\n\n<p>Avoinna <\/p>\n\n\n\n<p>Ma-pe 9.00-17.00<\/p>\n\n\n\n<div class=\"wp-block-contact-form-7-contact-form-selector\">\n<div class=\"wpcf7 no-js\" id=\"wpcf7-f445-o1\" lang=\"fi\" dir=\"ltr\" data-wpcf7-id=\"445\">\n<div class=\"screen-reader-response\"><p role=\"status\" aria-live=\"polite\" aria-atomic=\"true\"><\/p> <ul><\/ul><\/div>\n<form action=\"\/index.php?rest_route=%2Fwp%2Fv2%2Fpages%2F8#wpcf7-f445-o1\" method=\"post\" class=\"wpcf7-form init\" aria-label=\"Yhteydenottolomake\" novalidate=\"novalidate\" data-status=\"init\">\n<fieldset class=\"hidden-fields-container\"><input type=\"hidden\" name=\"_wpcf7\" value=\"445\" \/><input type=\"hidden\" name=\"_wpcf7_version\" value=\"6.1.5\" \/><input type=\"hidden\" name=\"_wpcf7_locale\" value=\"fi\" \/><input type=\"hidden\" name=\"_wpcf7_unit_tag\" value=\"wpcf7-f445-o1\" \/><input type=\"hidden\" name=\"_wpcf7_container_post\" value=\"0\" \/><input type=\"hidden\" name=\"_wpcf7_posted_data_hash\" value=\"\" \/>\n<\/fieldset>\n<p><label> Nimi<br \/>\n<span class=\"wpcf7-form-control-wrap\" data-name=\"your-name\"><input size=\"40\" maxlength=\"400\" class=\"wpcf7-form-control wpcf7-text wpcf7-validates-as-required\" aria-required=\"true\" aria-invalid=\"false\" value=\"\" type=\"text\" name=\"your-name\" \/><\/span> <\/label>\n<\/p>\n<p><label> S\u00e4hk\u00f6posti<br \/>\n<span class=\"wpcf7-form-control-wrap\" data-name=\"your-email\"><input size=\"40\" maxlength=\"400\" class=\"wpcf7-form-control wpcf7-email wpcf7-validates-as-required wpcf7-text wpcf7-validates-as-email\" aria-required=\"true\" aria-invalid=\"false\" value=\"\" type=\"email\" name=\"your-email\" \/><\/span> <\/label>\n<\/p>\n<p><label> Aihe<br \/>\n<span class=\"wpcf7-form-control-wrap\" data-name=\"your-subject\"><input size=\"40\" maxlength=\"400\" class=\"wpcf7-form-control wpcf7-text wpcf7-validates-as-required\" aria-required=\"true\" aria-invalid=\"false\" value=\"\" type=\"text\" name=\"your-subject\" \/><\/span> <\/label>\n<\/p>\n<p><label> Viesti (optional)<br \/>\n<span class=\"wpcf7-form-control-wrap\" data-name=\"your-message\"><textarea cols=\"40\" rows=\"10\" maxlength=\"2000\" class=\"wpcf7-form-control wpcf7-textarea\" aria-invalid=\"false\" name=\"your-message\"><\/textarea><\/span> <\/label>\n<\/p>\n<p><input class=\"wpcf7-form-control wpcf7-submit has-spinner\" type=\"submit\" value=\"Submit\" \/>\n<\/p><div class=\"wpcf7-response-output\" aria-hidden=\"true\"><\/div>\n<\/form>\n<\/div>\n<\/div>\n","protected":false},"excerpt":{"rendered":"<p>Meid\u00e4t l\u00f6yd\u00e4t Teollisuuskatu 3-5 Mikkelist\u00e4. Kartta linkki 0440 999 005 Avoinna Ma-pe 9.00-17.00<\/p>\n","protected":false},"author":1,"featured_media":0,"parent":0,"menu_order":0,"comment_status":"closed","ping_status":"closed","template":"","meta":{"footnotes":""},"class_list":["post-8","page","type-page","status-publish","hentry"],"yoast_head":"<!-- This site is optimized with the Yoast SEO plugin v27.5 - https:\/\/yoast.com\/product\/yoast-seo-wordpress\/ -->\n<title>Yhteystiedot - JJK-FIX Ohessa yhteystieodot sek\u00e4 kartta linkki<\/title>\n<meta name=\"description\" content=\"Autopesula JJK-FIX yhteystiedot. Teollisuuskatu 3-5 50130 Mikkeli. 0440 999 005\" \/>\n<meta name=\"robots\" content=\"index, follow, max-snippet:-1, max-image-preview:large, max-video-preview:-1\" \/>\n<link rel=\"canonical\" href=\"https:\/\/jjk-fix.fi\/?page_id=8\" \/>\n<meta property=\"og:locale\" content=\"fi_FI\" \/>\n<meta property=\"og:type\" content=\"article\" \/>\n<meta property=\"og:title\" content=\"Yhteystiedot - JJK-FIX Ohessa yhteystieodot sek\u00e4 kartta linkki\" \/>\n<meta property=\"og:description\" content=\"Autopesula JJK-FIX yhteystiedot. Teollisuuskatu 3-5 50130 Mikkeli. 0440 999 005\" \/>\n<meta property=\"og:url\" content=\"https:\/\/jjk-fix.fi\/?page_id=8\" \/>\n<meta property=\"og:site_name\" content=\"JJK-FIX\" \/>\n<meta property=\"article:modified_time\" content=\"2023-04-13T15:39:05+00:00\" \/>\n<meta name=\"twitter:card\" content=\"summary_large_image\" \/>\n<meta name=\"twitter:label1\" content=\"Arvioitu lukuaika\" \/>\n\t<meta name=\"twitter:data1\" content=\"1 minuutti\" \/>\n<script type=\"application\/ld+json\" class=\"yoast-schema-graph\">{\"@context\":\"https:\\\/\\\/schema.org\",\"@graph\":[{\"@type\":\"WebPage\",\"@id\":\"https:\\\/\\\/jjk-fix.fi\\\/?page_id=8\",\"url\":\"https:\\\/\\\/jjk-fix.fi\\\/?page_id=8\",\"name\":\"Yhteystiedot - JJK-FIX Ohessa yhteystieodot sek\u00e4 kartta linkki\",\"isPartOf\":{\"@id\":\"https:\\\/\\\/jjk-fix.fi\\\/#website\"},\"datePublished\":\"2021-02-21T12:55:59+00:00\",\"dateModified\":\"2023-04-13T15:39:05+00:00\",\"description\":\"Autopesula JJK-FIX yhteystiedot. Teollisuuskatu 3-5 50130 Mikkeli. 0440 999 005\",\"breadcrumb\":{\"@id\":\"https:\\\/\\\/jjk-fix.fi\\\/?page_id=8#breadcrumb\"},\"inLanguage\":\"fi\",\"potentialAction\":[{\"@type\":\"ReadAction\",\"target\":[\"https:\\\/\\\/jjk-fix.fi\\\/?page_id=8\"]}]},{\"@type\":\"BreadcrumbList\",\"@id\":\"https:\\\/\\\/jjk-fix.fi\\\/?page_id=8#breadcrumb\",\"itemListElement\":[{\"@type\":\"ListItem\",\"position\":1,\"name\":\"Etusivu\",\"item\":\"https:\\\/\\\/jjk-fix.fi\\\/\"},{\"@type\":\"ListItem\",\"position\":2,\"name\":\"Yhteystiedot\"}]},{\"@type\":\"WebSite\",\"@id\":\"https:\\\/\\\/jjk-fix.fi\\\/#website\",\"url\":\"https:\\\/\\\/jjk-fix.fi\\\/\",\"name\":\"JJK-FIX\",\"description\":\"Autopesun ammattilainen\",\"potentialAction\":[{\"@type\":\"SearchAction\",\"target\":{\"@type\":\"EntryPoint\",\"urlTemplate\":\"https:\\\/\\\/jjk-fix.fi\\\/?s={search_term_string}\"},\"query-input\":{\"@type\":\"PropertyValueSpecification\",\"valueRequired\":true,\"valueName\":\"search_term_string\"}}],\"inLanguage\":\"fi\"}]}<\/script>\n<!-- \/ Yoast SEO plugin. -->","yoast_head_json":{"title":"Yhteystiedot - JJK-FIX Ohessa yhteystieodot sek\u00e4 kartta linkki","description":"Autopesula JJK-FIX yhteystiedot. Teollisuuskatu 3-5 50130 Mikkeli. 0440 999 005","robots":{"index":"index","follow":"follow","max-snippet":"max-snippet:-1","max-image-preview":"max-image-preview:large","max-video-preview":"max-video-preview:-1"},"canonical":"https:\/\/jjk-fix.fi\/?page_id=8","og_locale":"fi_FI","og_type":"article","og_title":"Yhteystiedot - JJK-FIX Ohessa yhteystieodot sek\u00e4 kartta linkki","og_description":"Autopesula JJK-FIX yhteystiedot. Teollisuuskatu 3-5 50130 Mikkeli. 0440 999 005","og_url":"https:\/\/jjk-fix.fi\/?page_id=8","og_site_name":"JJK-FIX","article_modified_time":"2023-04-13T15:39:05+00:00","twitter_card":"summary_large_image","twitter_misc":{"Arvioitu lukuaika":"1 minuutti"},"schema":{"@context":"https:\/\/schema.org","@graph":[{"@type":"WebPage","@id":"https:\/\/jjk-fix.fi\/?page_id=8","url":"https:\/\/jjk-fix.fi\/?page_id=8","name":"Yhteystiedot - JJK-FIX Ohessa yhteystieodot sek\u00e4 kartta linkki","isPartOf":{"@id":"https:\/\/jjk-fix.fi\/#website"},"datePublished":"2021-02-21T12:55:59+00:00","dateModified":"2023-04-13T15:39:05+00:00","description":"Autopesula JJK-FIX yhteystiedot. Teollisuuskatu 3-5 50130 Mikkeli. 0440 999 005","breadcrumb":{"@id":"https:\/\/jjk-fix.fi\/?page_id=8#breadcrumb"},"inLanguage":"fi","potentialAction":[{"@type":"ReadAction","target":["https:\/\/jjk-fix.fi\/?page_id=8"]}]},{"@type":"BreadcrumbList","@id":"https:\/\/jjk-fix.fi\/?page_id=8#breadcrumb","itemListElement":[{"@type":"ListItem","position":1,"name":"Etusivu","item":"https:\/\/jjk-fix.fi\/"},{"@type":"ListItem","position":2,"name":"Yhteystiedot"}]},{"@type":"WebSite","@id":"https:\/\/jjk-fix.fi\/#website","url":"https:\/\/jjk-fix.fi\/","name":"JJK-FIX","description":"Autopesun ammattilainen","potentialAction":[{"@type":"SearchAction","target":{"@type":"EntryPoint","urlTemplate":"https:\/\/jjk-fix.fi\/?s={search_term_string}"},"query-input":{"@type":"PropertyValueSpecification","valueRequired":true,"valueName":"search_term_string"}}],"inLanguage":"fi"}]}},"_links":{"self":[{"href":"https:\/\/jjk-fix.fi\/index.php?rest_route=\/wp\/v2\/pages\/8","targetHints":{"allow":["GET"]}}],"collection":[{"href":"https:\/\/jjk-fix.fi\/index.php?rest_route=\/wp\/v2\/pages"}],"about":[{"href":"https:\/\/jjk-fix.fi\/index.php?rest_route=\/wp\/v2\/types\/page"}],"author":[{"embeddable":true,"href":"https:\/\/jjk-fix.fi\/index.php?rest_route=\/wp\/v2\/users\/1"}],"replies":[{"embeddable":true,"href":"https:\/\/jjk-fix.fi\/index.php?rest_route=%2Fwp%2Fv2%2Fcomments&post=8"}],"version-history":[{"count":6,"href":"https:\/\/jjk-fix.fi\/index.php?rest_route=\/wp\/v2\/pages\/8\/revisions"}],"predecessor-version":[{"id":638,"href":"https:\/\/jjk-fix.fi\/index.php?rest_route=\/wp\/v2\/pages\/8\/revisions\/638"}],"wp:attachment":[{"href":"https:\/\/jjk-fix.fi\/index.php?rest_route=%2Fwp%2Fv2%2Fmedia&parent=8"}],"curies":[{"name":"wp","href":"https:\/\/api.w.org\/{rel}","templated":true}]}}