{"id":7,"date":"2021-02-21T12:55:59","date_gmt":"2021-02-21T12:55:59","guid":{"rendered":"http:\/\/fixuus.tarvikeshop.fi\/?page_id=7"},"modified":"2021-08-14T08:36:53","modified_gmt":"2021-08-14T08:36:53","slug":"about","status":"publish","type":"page","link":"https:\/\/jjk-fix.fi\/?page_id=7","title":{"rendered":"Tietoja meist\u00e4"},"content":{"rendered":"\n<p>Autojen puhdistusta ammattitaidolla vuodesta 2004. K\u00e4yt\u00e4mme alan parhaita tuotteita ja laitteita sek\u00e4 kouluttaudumme jatkuvasti uusiin menetelmiin. Testaamme uutuustuotteita jatkuvasti, jotta voimme tarjota asiakkaillemme parhaan lopputuloksen. Toimitiloissa meill\u00e4 on hiekan ja \u00f6ljynerotuskaivo sek\u00e4 pyrimme k\u00e4ytt\u00e4m\u00e4\u00e4n biohajoavia pesuaineita. Pyrimme aina ty\u00f6ss\u00e4mme korkeaan asiakastyytyv\u00e4isyyteen.<\/p>\n\n\n\n<p><\/p>\n\n\n\n<p>T\u00e4ll\u00e4 hetkell\u00e4 meill\u00e4 ty\u00f6skentelee kolme alan ammattilaista sek\u00e4 yritt\u00e4j\u00e4 itse.<\/p>\n\n\n\n<p>Palveluitamme ovat autojen pesut, vahaukset , myllytykset, sis\u00e4pesut, pinnoitukset, lasien tummennukset sek\u00e4 moottori ohjainten p\u00e4ivitt\u00e4minen eli ns. lastutus.  Laitamme my\u00f6s puskurinsuoja teippej\u00e4 sek\u00e4 teippamme listoja ja ajovaloja. Teemme my\u00f6s muita autohin liittyvi\u00e4 hommia joten kannattaa kysy\u00e4 muista palveluistamme.<\/p>\n\n\n\n<p><\/p>\n","protected":false},"excerpt":{"rendered":"<p>Autojen puhdistusta ammattitaidolla vuodesta 2004. K\u00e4yt\u00e4mme alan parhaita tuotteita ja laitteita sek\u00e4 kouluttaudumme jatkuvasti uusiin menetelmiin. Testaamme uutuustuotteita jatkuvasti, jotta voimme tarjota asiakkaillemme parhaan lopputuloksen. Toimitiloissa meill\u00e4 on hiekan ja \u00f6ljynerotuskaivo sek\u00e4 pyrimme k\u00e4ytt\u00e4m\u00e4\u00e4n biohajoavia pesuaineita. Pyrimme aina ty\u00f6ss\u00e4mme korkeaan asiakastyytyv\u00e4isyyteen. T\u00e4ll\u00e4 hetkell\u00e4 meill\u00e4 ty\u00f6skentelee kolme alan ammattilaista sek\u00e4 yritt\u00e4j\u00e4 itse. Palveluitamme ovat autojen pesut, [&hellip;]<\/p>\n","protected":false},"author":1,"featured_media":0,"parent":0,"menu_order":0,"comment_status":"closed","ping_status":"closed","template":"","meta":{"footnotes":""},"class_list":["post-7","page","type-page","status-publish","hentry"],"yoast_head":"<!-- This site is optimized with the Yoast SEO plugin v27.5 - https:\/\/yoast.com\/product\/yoast-seo-wordpress\/ -->\n<title>Tietoja meist\u00e4 - JJK-FIX Tietoja meist\u00e4 ja palveluista<\/title>\n<meta name=\"description\" content=\"Autojen puhdistusta ammattitaidolla vuodesta 2004. K\u00e4yt\u00e4mme alan parhaita tuotteita kouluttaudumme ja laitteita sek\u00e4 kouluttaudumme jatkuvasti uusiin menetelmiin.\" \/>\n<meta name=\"robots\" content=\"index, follow, max-snippet:-1, max-image-preview:large, max-video-preview:-1\" \/>\n<link rel=\"canonical\" href=\"https:\/\/jjk-fix.fi\/?page_id=7\" \/>\n<meta property=\"og:locale\" content=\"fi_FI\" \/>\n<meta property=\"og:type\" content=\"article\" \/>\n<meta property=\"og:title\" content=\"Tietoja meist\u00e4 - JJK-FIX Tietoja meist\u00e4 ja palveluista\" \/>\n<meta property=\"og:description\" content=\"Autojen puhdistusta ammattitaidolla vuodesta 2004. K\u00e4yt\u00e4mme alan parhaita tuotteita kouluttaudumme ja laitteita sek\u00e4 kouluttaudumme jatkuvasti uusiin menetelmiin.\" \/>\n<meta property=\"og:url\" content=\"https:\/\/jjk-fix.fi\/?page_id=7\" \/>\n<meta property=\"og:site_name\" content=\"JJK-FIX\" \/>\n<meta property=\"article:modified_time\" content=\"2021-08-14T08:36:53+00:00\" \/>\n<meta name=\"twitter:card\" content=\"summary_large_image\" \/>\n<meta name=\"twitter:label1\" content=\"Arvioitu lukuaika\" \/>\n\t<meta name=\"twitter:data1\" content=\"1 minuutti\" \/>\n<script type=\"application\/ld+json\" class=\"yoast-schema-graph\">{\"@context\":\"https:\\\/\\\/schema.org\",\"@graph\":[{\"@type\":\"WebPage\",\"@id\":\"https:\\\/\\\/jjk-fix.fi\\\/?page_id=7\",\"url\":\"https:\\\/\\\/jjk-fix.fi\\\/?page_id=7\",\"name\":\"Tietoja meist\u00e4 - JJK-FIX Tietoja meist\u00e4 ja palveluista\",\"isPartOf\":{\"@id\":\"https:\\\/\\\/jjk-fix.fi\\\/#website\"},\"datePublished\":\"2021-02-21T12:55:59+00:00\",\"dateModified\":\"2021-08-14T08:36:53+00:00\",\"description\":\"Autojen puhdistusta ammattitaidolla vuodesta 2004. K\u00e4yt\u00e4mme alan parhaita tuotteita kouluttaudumme ja laitteita sek\u00e4 kouluttaudumme jatkuvasti uusiin menetelmiin.\",\"breadcrumb\":{\"@id\":\"https:\\\/\\\/jjk-fix.fi\\\/?page_id=7#breadcrumb\"},\"inLanguage\":\"fi\",\"potentialAction\":[{\"@type\":\"ReadAction\",\"target\":[\"https:\\\/\\\/jjk-fix.fi\\\/?page_id=7\"]}]},{\"@type\":\"BreadcrumbList\",\"@id\":\"https:\\\/\\\/jjk-fix.fi\\\/?page_id=7#breadcrumb\",\"itemListElement\":[{\"@type\":\"ListItem\",\"position\":1,\"name\":\"Etusivu\",\"item\":\"https:\\\/\\\/jjk-fix.fi\\\/\"},{\"@type\":\"ListItem\",\"position\":2,\"name\":\"Tietoja meist\u00e4\"}]},{\"@type\":\"WebSite\",\"@id\":\"https:\\\/\\\/jjk-fix.fi\\\/#website\",\"url\":\"https:\\\/\\\/jjk-fix.fi\\\/\",\"name\":\"JJK-FIX\",\"description\":\"Autopesun ammattilainen\",\"potentialAction\":[{\"@type\":\"SearchAction\",\"target\":{\"@type\":\"EntryPoint\",\"urlTemplate\":\"https:\\\/\\\/jjk-fix.fi\\\/?s={search_term_string}\"},\"query-input\":{\"@type\":\"PropertyValueSpecification\",\"valueRequired\":true,\"valueName\":\"search_term_string\"}}],\"inLanguage\":\"fi\"}]}<\/script>\n<!-- \/ Yoast SEO plugin. -->","yoast_head_json":{"title":"Tietoja meist\u00e4 - JJK-FIX Tietoja meist\u00e4 ja palveluista","description":"Autojen puhdistusta ammattitaidolla vuodesta 2004. K\u00e4yt\u00e4mme alan parhaita tuotteita kouluttaudumme ja laitteita sek\u00e4 kouluttaudumme jatkuvasti uusiin menetelmiin.","robots":{"index":"index","follow":"follow","max-snippet":"max-snippet:-1","max-image-preview":"max-image-preview:large","max-video-preview":"max-video-preview:-1"},"canonical":"https:\/\/jjk-fix.fi\/?page_id=7","og_locale":"fi_FI","og_type":"article","og_title":"Tietoja meist\u00e4 - JJK-FIX Tietoja meist\u00e4 ja palveluista","og_description":"Autojen puhdistusta ammattitaidolla vuodesta 2004. K\u00e4yt\u00e4mme alan parhaita tuotteita kouluttaudumme ja laitteita sek\u00e4 kouluttaudumme jatkuvasti uusiin menetelmiin.","og_url":"https:\/\/jjk-fix.fi\/?page_id=7","og_site_name":"JJK-FIX","article_modified_time":"2021-08-14T08:36:53+00:00","twitter_card":"summary_large_image","twitter_misc":{"Arvioitu lukuaika":"1 minuutti"},"schema":{"@context":"https:\/\/schema.org","@graph":[{"@type":"WebPage","@id":"https:\/\/jjk-fix.fi\/?page_id=7","url":"https:\/\/jjk-fix.fi\/?page_id=7","name":"Tietoja meist\u00e4 - JJK-FIX Tietoja meist\u00e4 ja palveluista","isPartOf":{"@id":"https:\/\/jjk-fix.fi\/#website"},"datePublished":"2021-02-21T12:55:59+00:00","dateModified":"2021-08-14T08:36:53+00:00","description":"Autojen puhdistusta ammattitaidolla vuodesta 2004. K\u00e4yt\u00e4mme alan parhaita tuotteita kouluttaudumme ja laitteita sek\u00e4 kouluttaudumme jatkuvasti uusiin menetelmiin.","breadcrumb":{"@id":"https:\/\/jjk-fix.fi\/?page_id=7#breadcrumb"},"inLanguage":"fi","potentialAction":[{"@type":"ReadAction","target":["https:\/\/jjk-fix.fi\/?page_id=7"]}]},{"@type":"BreadcrumbList","@id":"https:\/\/jjk-fix.fi\/?page_id=7#breadcrumb","itemListElement":[{"@type":"ListItem","position":1,"name":"Etusivu","item":"https:\/\/jjk-fix.fi\/"},{"@type":"ListItem","position":2,"name":"Tietoja meist\u00e4"}]},{"@type":"WebSite","@id":"https:\/\/jjk-fix.fi\/#website","url":"https:\/\/jjk-fix.fi\/","name":"JJK-FIX","description":"Autopesun ammattilainen","potentialAction":[{"@type":"SearchAction","target":{"@type":"EntryPoint","urlTemplate":"https:\/\/jjk-fix.fi\/?s={search_term_string}"},"query-input":{"@type":"PropertyValueSpecification","valueRequired":true,"valueName":"search_term_string"}}],"inLanguage":"fi"}]}},"_links":{"self":[{"href":"https:\/\/jjk-fix.fi\/index.php?rest_route=\/wp\/v2\/pages\/7","targetHints":{"allow":["GET"]}}],"collection":[{"href":"https:\/\/jjk-fix.fi\/index.php?rest_route=\/wp\/v2\/pages"}],"about":[{"href":"https:\/\/jjk-fix.fi\/index.php?rest_route=\/wp\/v2\/types\/page"}],"author":[{"embeddable":true,"href":"https:\/\/jjk-fix.fi\/index.php?rest_route=\/wp\/v2\/users\/1"}],"replies":[{"embeddable":true,"href":"https:\/\/jjk-fix.fi\/index.php?rest_route=%2Fwp%2Fv2%2Fcomments&post=7"}],"version-history":[{"count":10,"href":"https:\/\/jjk-fix.fi\/index.php?rest_route=\/wp\/v2\/pages\/7\/revisions"}],"predecessor-version":[{"id":451,"href":"https:\/\/jjk-fix.fi\/index.php?rest_route=\/wp\/v2\/pages\/7\/revisions\/451"}],"wp:attachment":[{"href":"https:\/\/jjk-fix.fi\/index.php?rest_route=%2Fwp%2Fv2%2Fmedia&parent=7"}],"curies":[{"name":"wp","href":"https:\/\/api.w.org\/{rel}","templated":true}]}}